{"id":885,"date":"2016-11-15T06:07:38","date_gmt":"2016-11-15T06:07:38","guid":{"rendered":"http:\/\/pullinen.net\/?page_id=885"},"modified":"2016-11-15T12:07:35","modified_gmt":"2016-11-15T12:07:35","slug":"galerie-pleiku-berlin","status":"publish","type":"page","link":"http:\/\/pullinen.net\/?page_id=885","title":{"rendered":"Akateemisia Faabeleita 2016"},"content":{"rendered":"<p><a href=\"http:\/\/pullinen.net\/wp-content\/uploads\/2016\/11\/MLter\u00e4v\u00e4-1.jpg\"><img decoding=\"async\" loading=\"lazy\" class=\"alignleft size-medium wp-image-888\" src=\"http:\/\/pullinen.net\/wp-content\/uploads\/2016\/11\/MLter\u00e4v\u00e4-1-190x300.jpg\" alt=\"mlterava\" width=\"190\" height=\"300\" srcset=\"http:\/\/pullinen.net\/wp-content\/uploads\/2016\/11\/MLter\u00e4v\u00e4-1-190x300.jpg 190w, http:\/\/pullinen.net\/wp-content\/uploads\/2016\/11\/MLter\u00e4v\u00e4-1.jpg 600w\" sizes=\"(max-width: 190px) 100vw, 190px\" \/><\/a>m&amp;p<\/p>\n<p>Galerie Pleiku, Berlin 17.-27.1.2016<\/p>\n<p>Edusta Galleria, Tampereen yliopisto 29.3.- 17.5.2016<\/p>\n<p><strong>Akateemisia Faabeleita<\/strong><\/p>\n<p>Kreikkalaisen Aisopoksen faabelien taustalla oleva el\u00e4m\u00e4nkokemus heijastuu niiss\u00e4 er\u00e4\u00e4nlaisena pessimistisen\u00e4 el\u00e4m\u00e4nviisautena, maan hiljaisten k\u00e4yt\u00e4nn\u00f6nfilosofiana. Harvoin niiss\u00e4 kiitet\u00e4\u00e4n rakentavia hyveit\u00e4, kuten ahkeruus tai rehellisyys. Pienten t\u00e4ytyy selvit\u00e4 maailmassa joustavuudella ja oveluudella. Me haluamme esitt\u00e4\u00e4 totuuksia nimenomaan sorrettujen ja v\u00e4heksyttyjen \u00e4\u00e4nell\u00e4. Haluamme faabeleissamme nauraa enemm\u00e4nkin itsellemme kuin muille.<\/p>\n<p><a href=\"http:\/\/pullinen.net\/wp-content\/uploads\/2016\/11\/sammakko.jpg\"><img decoding=\"async\" loading=\"lazy\" class=\"alignleft wp-image-894\" src=\"http:\/\/pullinen.net\/wp-content\/uploads\/2016\/11\/sammakko-300x112.jpg\" alt=\"sammakko\" width=\"366\" height=\"137\" srcset=\"http:\/\/pullinen.net\/wp-content\/uploads\/2016\/11\/sammakko-300x112.jpg 300w, http:\/\/pullinen.net\/wp-content\/uploads\/2016\/11\/sammakko-768x286.jpg 768w, http:\/\/pullinen.net\/wp-content\/uploads\/2016\/11\/sammakko.jpg 797w\" sizes=\"(max-width: 366px) 100vw, 366px\" \/><\/a>Ty\u00f6skentelemme kuvataiteilijoina ja t\u00e4m\u00e4n lis\u00e4ksi yliopistonlehtoreina Tampereen yliopistossa. El\u00e4m\u00e4 yliopistossa on jatkuvaa ep\u00e4varmuutta, aseman s\u00e4ilytt\u00e4miseen liittyv\u00e4\u00e4 kilvoittelua. Aineistoa akateemisiin faabeleihin on vuosien varrella kertynyt runsaasti. Olemme ty\u00f6st\u00e4neet aineistoamme kuvallisesti ja esittelimme dialogissa syntyneet k\u00e4sitteelliset taideteoksemme helmikuussa 2016 Berliiniss\u00e4. Nyt teokset ovat n\u00e4ht\u00e4vill\u00e4 Edusta Galleriassa.<\/p>\n<p><a href=\"http:\/\/pullinen.net\/wp-content\/uploads\/2016\/11\/pupu.jpg\"><img decoding=\"async\" loading=\"lazy\" class=\"wp-image-898 alignright\" src=\"http:\/\/pullinen.net\/wp-content\/uploads\/2016\/11\/pupu-225x300.jpg\" alt=\"pupu\" width=\"265\" height=\"354\" srcset=\"http:\/\/pullinen.net\/wp-content\/uploads\/2016\/11\/pupu-225x300.jpg 225w, http:\/\/pullinen.net\/wp-content\/uploads\/2016\/11\/pupu.jpg 600w\" sizes=\"(max-width: 265px) 100vw, 265px\" \/><\/a>Dialogi tarkoittaa meille yhteist\u00e4 ideointia, toteuttamista ja arviointia siit\u00e4, milloin teos on valmis. Ty\u00f6skentely\u00e4 saman p\u00f6yd\u00e4n \u00e4\u00e4ress\u00e4, toinen k\u00e4ten\u00e4, toinen silm\u00e4n\u00e4. Dialogi rakentuu toisen tahdikkaalle kohtaamiselle, kunnioittamiselle. Joskus joutuu my\u00f6s j\u00e4tt\u00e4m\u00e4\u00e4n oman ajatuksen odottamaan, viipyilem\u00e4\u00e4n mieless\u00e4 tai ty\u00f6p\u00f6yd\u00e4ll\u00e4. Haluamme yhdist\u00e4\u00e4 kahden kuvataiteilijan, taidemaalarin ja taidegraafikon vahvuudet ja heikkoudet.<\/p>\n<p><strong>Academic Fables<\/strong><\/p>\n<p>On the background of the Greek fables of Aesop, there is a life experience that reflects as a pessimistic life wisdom; as a practical philosophy of the meek. The constructive virtues such as diligence and honesty are rarely praised in the fables. The little have to survive in the world with flexibility and wiliness. We want to present truths particularly with the voice of the oppressed and undervalued. In our fables, we want to laugh at ourselves more than at others.<\/p>\n<p><a href=\"http:\/\/pullinen.net\/wp-content\/uploads\/2016\/11\/papillon.jpg\"><img decoding=\"async\" loading=\"lazy\" class=\"alignleft wp-image-896\" src=\"http:\/\/pullinen.net\/wp-content\/uploads\/2016\/11\/papillon-300x113.jpg\" alt=\"papillon\" width=\"366\" height=\"138\" srcset=\"http:\/\/pullinen.net\/wp-content\/uploads\/2016\/11\/papillon-300x113.jpg 300w, http:\/\/pullinen.net\/wp-content\/uploads\/2016\/11\/papillon-768x290.jpg 768w, http:\/\/pullinen.net\/wp-content\/uploads\/2016\/11\/papillon.jpg 1000w\" sizes=\"(max-width: 366px) 100vw, 366px\" \/><\/a><\/p>\n<p>We work as artists and as University Lecturers at the University of Tampere. Life in the university is a constant uncertainty, a struggle to maintain one\u2019s position. Material for the Academic Fables has been piling up during the years. We have worked the material into visual art works. These conceptual art works, which have come about in a dialogue, will be displayed in the Galerie Pleiku in Berlin.<\/p>\n<p><a href=\"http:\/\/pullinen.net\/wp-content\/uploads\/2016\/11\/susi.jpg\"><img decoding=\"async\" loading=\"lazy\" class=\"alignleft size-medium wp-image-897\" src=\"http:\/\/pullinen.net\/wp-content\/uploads\/2016\/11\/susi-300x271.jpg\" alt=\"susi\" width=\"300\" height=\"271\" srcset=\"http:\/\/pullinen.net\/wp-content\/uploads\/2016\/11\/susi-300x271.jpg 300w, http:\/\/pullinen.net\/wp-content\/uploads\/2016\/11\/susi-768x694.jpg 768w, http:\/\/pullinen.net\/wp-content\/uploads\/2016\/11\/susi.jpg 800w\" sizes=\"(max-width: 300px) 100vw, 300px\" \/><\/a>For us, dialogue means shared creation, execution and assessment of moment when the work is finished. Working at the same desk, one being the hand and the other one as an eye. Dialogue is founded on tactful encounter of the other; respecting the other. Sometimes one has to also leave one\u2019s own thought to wait, lingering in one\u2019s mind or on the desk. We want to combine the strengths and weaknesses of two artist, painters and graphic artists. This is how m&amp;p was born.<\/p>\n<p>&nbsp;<\/p>\n<p>&nbsp;<\/p>\n","protected":false},"excerpt":{"rendered":"<p>m&amp;p Galerie Pleiku, Berlin 17.-27.1.2016 Edusta Galleria, Tampereen yliopisto 29.3.- 17.5.2016 Akateemisia Faabeleita Kreikkalaisen Aisopoksen faabelien taustalla oleva el\u00e4m\u00e4nkokemus heijastuu niiss\u00e4 er\u00e4\u00e4nlaisena pessimistisen\u00e4 el\u00e4m\u00e4nviisautena, maan hiljaisten k\u00e4yt\u00e4nn\u00f6nfilosofiana. Harvoin niiss\u00e4 kiitet\u00e4\u00e4n rakentavia hyveit\u00e4, kuten ahkeruus tai rehellisyys. Pienten t\u00e4ytyy selvit\u00e4 maailmassa joustavuudella ja oveluudella. Me haluamme esitt\u00e4\u00e4 totuuksia nimenomaan sorrettujen ja v\u00e4heksyttyjen \u00e4\u00e4nell\u00e4. Haluamme faabeleissamme nauraa &hellip; <a href=\"http:\/\/pullinen.net\/?page_id=885\" class=\"more-link\">Jatka lukemista <span class=\"screen-reader-text\">Akateemisia Faabeleita 2016<\/span> <span class=\"meta-nav\">&rarr;<\/span><\/a><\/p>\n","protected":false},"author":1,"featured_media":891,"parent":327,"menu_order":0,"comment_status":"closed","ping_status":"closed","template":"","meta":{"ngg_post_thumbnail":0},"_links":{"self":[{"href":"http:\/\/pullinen.net\/index.php?rest_route=\/wp\/v2\/pages\/885"}],"collection":[{"href":"http:\/\/pullinen.net\/index.php?rest_route=\/wp\/v2\/pages"}],"about":[{"href":"http:\/\/pullinen.net\/index.php?rest_route=\/wp\/v2\/types\/page"}],"author":[{"embeddable":true,"href":"http:\/\/pullinen.net\/index.php?rest_route=\/wp\/v2\/users\/1"}],"replies":[{"embeddable":true,"href":"http:\/\/pullinen.net\/index.php?rest_route=%2Fwp%2Fv2%2Fcomments&post=885"}],"version-history":[{"count":9,"href":"http:\/\/pullinen.net\/index.php?rest_route=\/wp\/v2\/pages\/885\/revisions"}],"predecessor-version":[{"id":905,"href":"http:\/\/pullinen.net\/index.php?rest_route=\/wp\/v2\/pages\/885\/revisions\/905"}],"up":[{"embeddable":true,"href":"http:\/\/pullinen.net\/index.php?rest_route=\/wp\/v2\/pages\/327"}],"wp:featuredmedia":[{"embeddable":true,"href":"http:\/\/pullinen.net\/index.php?rest_route=\/wp\/v2\/media\/891"}],"wp:attachment":[{"href":"http:\/\/pullinen.net\/index.php?rest_route=%2Fwp%2Fv2%2Fmedia&parent=885"}],"curies":[{"name":"wp","href":"https:\/\/api.w.org\/{rel}","templated":true}]}}