{"id":427,"date":"2014-03-14T13:41:44","date_gmt":"2014-03-14T13:41:44","guid":{"rendered":"http:\/\/pullinen.net\/?page_id=427"},"modified":"2014-03-14T18:02:24","modified_gmt":"2014-03-14T18:02:24","slug":"mp-works","status":"publish","type":"page","link":"http:\/\/pullinen.net\/?page_id=427","title":{"rendered":"m&#038;p works"},"content":{"rendered":"<address><a href=\"http:\/\/pullinen.net\/wp-content\/uploads\/2014\/03\/Kurvi.jpg\"><img decoding=\"async\" loading=\"lazy\" class=\"alignnone size-large wp-image-415\" alt=\"Kurvi\" src=\"http:\/\/pullinen.net\/wp-content\/uploads\/2014\/03\/Kurvi-1024x558.jpg\" width=\"474\" height=\"258\" srcset=\"http:\/\/pullinen.net\/wp-content\/uploads\/2014\/03\/Kurvi-1024x558.jpg 1024w, http:\/\/pullinen.net\/wp-content\/uploads\/2014\/03\/Kurvi-300x163.jpg 300w, http:\/\/pullinen.net\/wp-content\/uploads\/2014\/03\/Kurvi.jpg 1200w\" sizes=\"(max-width: 474px) 100vw, 474px\" \/><\/a><span style=\"color: #999999;\">&#8221;Mutka&#8221; 2004. Hyvink\u00e4\u00e4n Taidemuseo<\/span><\/address>\n<address><a href=\"http:\/\/pullinen.net\/wp-content\/uploads\/2014\/03\/Ev\u00e4\u00e4t.jpg\"><img decoding=\"async\" loading=\"lazy\" class=\"alignnone size-full wp-image-414\" alt=\"Ev\u00e4\u00e4t\" src=\"http:\/\/pullinen.net\/wp-content\/uploads\/2014\/03\/Ev\u00e4\u00e4t.jpg\" width=\"989\" height=\"505\" srcset=\"http:\/\/pullinen.net\/wp-content\/uploads\/2014\/03\/Ev\u00e4\u00e4t.jpg 989w, http:\/\/pullinen.net\/wp-content\/uploads\/2014\/03\/Ev\u00e4\u00e4t-300x153.jpg 300w\" sizes=\"(max-width: 989px) 100vw, 989px\" \/><\/a><span style=\"color: #999999;\">&#8221;Kolmas tila&#8221; 2004. Hyvink\u00e4\u00e4n Taidemuseo<\/span><\/address>\n<address><a href=\"http:\/\/pullinen.net\/wp-content\/uploads\/2014\/03\/Akhilleus.jpg\"><img decoding=\"async\" loading=\"lazy\" class=\"alignnone size-large wp-image-412\" alt=\"Akhilleus\" src=\"http:\/\/pullinen.net\/wp-content\/uploads\/2014\/03\/Akhilleus-1024x422.jpg\" width=\"474\" height=\"195\" srcset=\"http:\/\/pullinen.net\/wp-content\/uploads\/2014\/03\/Akhilleus-1024x422.jpg 1024w, http:\/\/pullinen.net\/wp-content\/uploads\/2014\/03\/Akhilleus-300x123.jpg 300w, http:\/\/pullinen.net\/wp-content\/uploads\/2014\/03\/Akhilleus.jpg 1191w\" sizes=\"(max-width: 474px) 100vw, 474px\" \/><\/a><span style=\"color: #999999;\">&#8221;T\u00e1lus Achilleus&#8221; 2005. Willa Mac<\/span><\/address>\n<address><a href=\"http:\/\/pullinen.net\/wp-content\/uploads\/2014\/03\/Laulu-tulipunaisesta-kukasta.jpg\"><img decoding=\"async\" loading=\"lazy\" class=\"alignnone size-large wp-image-411\" alt=\"Laulu tulipunaisesta kukasta\" src=\"http:\/\/pullinen.net\/wp-content\/uploads\/2014\/03\/Laulu-tulipunaisesta-kukasta-1024x737.jpg\" width=\"474\" height=\"341\" srcset=\"http:\/\/pullinen.net\/wp-content\/uploads\/2014\/03\/Laulu-tulipunaisesta-kukasta-1024x737.jpg 1024w, http:\/\/pullinen.net\/wp-content\/uploads\/2014\/03\/Laulu-tulipunaisesta-kukasta-300x216.jpg 300w, http:\/\/pullinen.net\/wp-content\/uploads\/2014\/03\/Laulu-tulipunaisesta-kukasta.jpg 1280w\" sizes=\"(max-width: 474px) 100vw, 474px\" \/><\/a><span style=\"color: #999999;\">&#8221;Laulu tulipunaisesta kukasta&#8221; 2004-5. Rovaniemen Taidemuseo<\/span><\/address>\n<address><a href=\"http:\/\/pullinen.net\/wp-content\/uploads\/2014\/03\/Tekhne.jpg\"><img decoding=\"async\" loading=\"lazy\" class=\"alignnone size-large wp-image-413\" alt=\"Tekhne\" src=\"http:\/\/pullinen.net\/wp-content\/uploads\/2014\/03\/Tekhne-567x1024.jpg\" width=\"474\" height=\"856\" srcset=\"http:\/\/pullinen.net\/wp-content\/uploads\/2014\/03\/Tekhne-567x1024.jpg 567w, http:\/\/pullinen.net\/wp-content\/uploads\/2014\/03\/Tekhne-166x300.jpg 166w, http:\/\/pullinen.net\/wp-content\/uploads\/2014\/03\/Tekhne.jpg 665w\" sizes=\"(max-width: 474px) 100vw, 474px\" \/><\/a><span style=\"color: #999999;\">&#8221;Tekhn\u00e9&#8221; 2005. Rovaniemen Taidemuseo<\/span><\/address>\n","protected":false},"excerpt":{"rendered":"<p>&#8221;Mutka&#8221; 2004. Hyvink\u00e4\u00e4n Taidemuseo &#8221;Kolmas tila&#8221; 2004. Hyvink\u00e4\u00e4n Taidemuseo &#8221;T\u00e1lus Achilleus&#8221; 2005. Willa Mac &#8221;Laulu tulipunaisesta kukasta&#8221; 2004-5. Rovaniemen Taidemuseo &#8221;Tekhn\u00e9&#8221; 2005. Rovaniemen Taidemuseo<\/p>\n","protected":false},"author":1,"featured_media":0,"parent":327,"menu_order":0,"comment_status":"open","ping_status":"open","template":"","meta":{"ngg_post_thumbnail":0},"_links":{"self":[{"href":"http:\/\/pullinen.net\/index.php?rest_route=\/wp\/v2\/pages\/427"}],"collection":[{"href":"http:\/\/pullinen.net\/index.php?rest_route=\/wp\/v2\/pages"}],"about":[{"href":"http:\/\/pullinen.net\/index.php?rest_route=\/wp\/v2\/types\/page"}],"author":[{"embeddable":true,"href":"http:\/\/pullinen.net\/index.php?rest_route=\/wp\/v2\/users\/1"}],"replies":[{"embeddable":true,"href":"http:\/\/pullinen.net\/index.php?rest_route=%2Fwp%2Fv2%2Fcomments&post=427"}],"version-history":[{"count":3,"href":"http:\/\/pullinen.net\/index.php?rest_route=\/wp\/v2\/pages\/427\/revisions"}],"predecessor-version":[{"id":430,"href":"http:\/\/pullinen.net\/index.php?rest_route=\/wp\/v2\/pages\/427\/revisions\/430"}],"up":[{"embeddable":true,"href":"http:\/\/pullinen.net\/index.php?rest_route=\/wp\/v2\/pages\/327"}],"wp:attachment":[{"href":"http:\/\/pullinen.net\/index.php?rest_route=%2Fwp%2Fv2%2Fmedia&parent=427"}],"curies":[{"name":"wp","href":"https:\/\/api.w.org\/{rel}","templated":true}]}}